{"id":589,"date":"2026-03-18T11:41:56","date_gmt":"2026-03-18T11:41:56","guid":{"rendered":"https:\/\/pokojenawynajem.lezajsk.pl\/?post_type=product&#038;p=589"},"modified":"2026-03-18T17:59:38","modified_gmt":"2026-03-18T17:59:38","slug":"pokoj-dwuosobowy","status":"publish","type":"product","link":"https:\/\/pokojenawynajem.lezajsk.pl\/en\/product\/pokoj-dwuosobowy\/","title":{"rendered":"Double room"},"content":{"rendered":"<p>A comfortable double room designed for couples or two people. There is a double bed or two single beds, Wi-Fi access and functional furnishings for a comfortable stay. This is a quiet and practical space for tourist or business accommodation.<\/p>","protected":false},"excerpt":{"rendered":"<p>Wygodny pok\u00f3j dwuosobowy przeznaczony dla par lub dw\u00f3ch os\u00f3b. Do  [&#8230;]<\/p>\n","protected":false},"featured_media":401,"template":"","meta":[],"product_brand":[],"product_cat":[26],"product_tag":[],"class_list":{"0":"post-589","1":"product","2":"type-product","3":"status-publish","4":"has-post-thumbnail","6":"product_cat-pokoje","8":"first","9":"instock","10":"taxable","11":"shipping-taxable","12":"purchasable","13":"product-type-ovabrw_car_rental"},"aioseo_notices":[],"_links":{"self":[{"href":"https:\/\/pokojenawynajem.lezajsk.pl\/en\/wp-json\/wp\/v2\/product\/589","targetHints":{"allow":["GET"]}}],"collection":[{"href":"https:\/\/pokojenawynajem.lezajsk.pl\/en\/wp-json\/wp\/v2\/product"}],"about":[{"href":"https:\/\/pokojenawynajem.lezajsk.pl\/en\/wp-json\/wp\/v2\/types\/product"}],"wp:featuredmedia":[{"embeddable":true,"href":"https:\/\/pokojenawynajem.lezajsk.pl\/en\/wp-json\/wp\/v2\/media\/401"}],"wp:attachment":[{"href":"https:\/\/pokojenawynajem.lezajsk.pl\/en\/wp-json\/wp\/v2\/media?parent=589"}],"wp:term":[{"taxonomy":"product_brand","embeddable":true,"href":"https:\/\/pokojenawynajem.lezajsk.pl\/en\/wp-json\/wp\/v2\/product_brand?post=589"},{"taxonomy":"product_cat","embeddable":true,"href":"https:\/\/pokojenawynajem.lezajsk.pl\/en\/wp-json\/wp\/v2\/product_cat?post=589"},{"taxonomy":"product_tag","embeddable":true,"href":"https:\/\/pokojenawynajem.lezajsk.pl\/en\/wp-json\/wp\/v2\/product_tag?post=589"}],"curies":[{"name":"wp","href":"https:\/\/api.w.org\/{rel}","templated":true}]}}