{"id":588,"date":"2026-03-18T11:41:15","date_gmt":"2026-03-18T11:41:15","guid":{"rendered":"https:\/\/pokojenawynajem.lezajsk.pl\/?post_type=product&#038;p=588"},"modified":"2026-03-18T11:48:40","modified_gmt":"2026-03-18T11:48:40","slug":"pokoj-jednoosobowy","status":"publish","type":"product","link":"https:\/\/pokojenawynajem.lezajsk.pl\/en\/product\/pokoj-jednoosobowy\/","title":{"rendered":"Single room"},"content":{"rendered":"<p>Comfortable single room, ideal for business travelers or individual guests. The room features a comfortable single bed, functional furniture and Wi-Fi access. Guests can also use the kitchen and sanitary facilities, providing convenience for both short and longer stays.<\/p>","protected":false},"excerpt":{"rendered":"<p>Komfortowy pok\u00f3j jednoosobowy, idealny dla os\u00f3b podr\u00f3\u017cuj\u0105cych s\u0142u\u017cbowo lub indywidualnych  [&#8230;]<\/p>\n","protected":false},"featured_media":399,"template":"","meta":[],"product_brand":[],"product_cat":[26],"product_tag":[],"class_list":{"0":"post-588","1":"product","2":"type-product","3":"status-publish","4":"has-post-thumbnail","6":"product_cat-pokoje","8":"first","9":"instock","10":"taxable","11":"shipping-taxable","12":"purchasable","13":"product-type-ovabrw_car_rental"},"aioseo_notices":[],"_links":{"self":[{"href":"https:\/\/pokojenawynajem.lezajsk.pl\/en\/wp-json\/wp\/v2\/product\/588","targetHints":{"allow":["GET"]}}],"collection":[{"href":"https:\/\/pokojenawynajem.lezajsk.pl\/en\/wp-json\/wp\/v2\/product"}],"about":[{"href":"https:\/\/pokojenawynajem.lezajsk.pl\/en\/wp-json\/wp\/v2\/types\/product"}],"wp:featuredmedia":[{"embeddable":true,"href":"https:\/\/pokojenawynajem.lezajsk.pl\/en\/wp-json\/wp\/v2\/media\/399"}],"wp:attachment":[{"href":"https:\/\/pokojenawynajem.lezajsk.pl\/en\/wp-json\/wp\/v2\/media?parent=588"}],"wp:term":[{"taxonomy":"product_brand","embeddable":true,"href":"https:\/\/pokojenawynajem.lezajsk.pl\/en\/wp-json\/wp\/v2\/product_brand?post=588"},{"taxonomy":"product_cat","embeddable":true,"href":"https:\/\/pokojenawynajem.lezajsk.pl\/en\/wp-json\/wp\/v2\/product_cat?post=588"},{"taxonomy":"product_tag","embeddable":true,"href":"https:\/\/pokojenawynajem.lezajsk.pl\/en\/wp-json\/wp\/v2\/product_tag?post=588"}],"curies":[{"name":"wp","href":"https:\/\/api.w.org\/{rel}","templated":true}]}}