{"id":524,"date":"2026-01-15T12:40:11","date_gmt":"2026-01-15T12:40:11","guid":{"rendered":"https:\/\/pokojenawynajem.lezajsk.pl\/?post_type=product&#038;p=524"},"modified":"2026-03-18T18:07:52","modified_gmt":"2026-03-18T18:07:52","slug":"hulajnoga-elektryczna-motus-pro10-sport-daytona","status":"publish","type":"product","link":"https:\/\/pokojenawynajem.lezajsk.pl\/en\/product\/hulajnoga-elektryczna-motus-pro10-sport-daytona\/","title":{"rendered":"MOTUS PRO10 Sport Daytona electric scooter"},"content":{"rendered":"<p>Motus Pro10 Sport Daytona to wygodna i stabilna hulajnoga elektryczna, idealna do rekreacyjnych przeja\u017cd\u017cek po mie\u015bcie oraz okolicznych trasach. \u015awietnie sprawdzi si\u0119 u os\u00f3b, kt\u00f3re chc\u0105 szybko i komfortowo przemieszcza\u0107 si\u0119 bez wysi\u0142ku, a jednocze\u015bnie cieszy\u0107 si\u0119 jazd\u0105 na \u015bwie\u017cym powietrzu.<\/p>\n<p>Dzi\u0119ki solidnej konstrukcji i dobrej amortyzacji hulajnoga zapewnia p\u0142ynn\u0105 i komfortow\u0105 jazd\u0119 tak\u017ce na mniej r\u00f3wnych nawierzchniach. Du\u017ce ko\u0142a zwi\u0119kszaj\u0105 stabilno\u015b\u0107 i pewno\u015b\u0107 prowadzenia, co doceni\u0105 zar\u00f3wno osoby pocz\u0105tkuj\u0105ce, jak i bardziej do\u015bwiadczeni u\u017cytkownicy.<\/p>\n<p>Hulajnoga jest \u0142atwa w obs\u0142udze, dynamiczna i bardzo przyjemna w prowadzeniu. Pozwala wygodnie zwiedza\u0107 Le\u017cajsk i okolice, dojecha\u0107 na miejsce bez kork\u00f3w lub po prostu sp\u0119dzi\u0107 aktywnie czas. To doskona\u0142a alternatywa dla roweru lub spaceru, szczeg\u00f3lnie podczas kr\u00f3tszych i \u015brednich dystans\u00f3w.<\/p>\n<p>Motus Pro10 Sport Daytona to \u015bwietny wyb\u00f3r dla os\u00f3b szukaj\u0105cych nowoczesnego, wygodnego i bezpiecznego \u015brodka transportu na czas pobytu.<\/p>","protected":false},"excerpt":{"rendered":"<p>Included: helmet, anti-theft fastener, reflective vest<\/p>","protected":false},"featured_media":525,"template":"","meta":[],"product_brand":[],"product_cat":[23],"product_tag":[],"class_list":{"0":"post-524","1":"product","2":"type-product","3":"status-publish","4":"has-post-thumbnail","6":"product_cat-rowery-elektryczne","8":"first","9":"instock","10":"virtual","11":"taxable","12":"purchasable","13":"product-type-ovabrw_car_rental"},"aioseo_notices":[],"_links":{"self":[{"href":"https:\/\/pokojenawynajem.lezajsk.pl\/en\/wp-json\/wp\/v2\/product\/524","targetHints":{"allow":["GET"]}}],"collection":[{"href":"https:\/\/pokojenawynajem.lezajsk.pl\/en\/wp-json\/wp\/v2\/product"}],"about":[{"href":"https:\/\/pokojenawynajem.lezajsk.pl\/en\/wp-json\/wp\/v2\/types\/product"}],"wp:featuredmedia":[{"embeddable":true,"href":"https:\/\/pokojenawynajem.lezajsk.pl\/en\/wp-json\/wp\/v2\/media\/525"}],"wp:attachment":[{"href":"https:\/\/pokojenawynajem.lezajsk.pl\/en\/wp-json\/wp\/v2\/media?parent=524"}],"wp:term":[{"taxonomy":"product_brand","embeddable":true,"href":"https:\/\/pokojenawynajem.lezajsk.pl\/en\/wp-json\/wp\/v2\/product_brand?post=524"},{"taxonomy":"product_cat","embeddable":true,"href":"https:\/\/pokojenawynajem.lezajsk.pl\/en\/wp-json\/wp\/v2\/product_cat?post=524"},{"taxonomy":"product_tag","embeddable":true,"href":"https:\/\/pokojenawynajem.lezajsk.pl\/en\/wp-json\/wp\/v2\/product_tag?post=524"}],"curies":[{"name":"wp","href":"https:\/\/api.w.org\/{rel}","templated":true}]}}