{"id":187,"date":"2025-05-26T14:11:46","date_gmt":"2025-05-26T14:11:46","guid":{"rendered":"https:\/\/triolezajsk.pl\/?page_id=187"},"modified":"2026-01-14T15:49:51","modified_gmt":"2026-01-14T15:49:51","slug":"regulamin-sklepu","status":"publish","type":"page","link":"https:\/\/pokojenawynajem.lezajsk.pl\/en\/regulamin-sklepu\/","title":{"rendered":"Store Regulations"},"content":{"rendered":"<div class=\"fusion-fullwidth fullwidth-box fusion-builder-row-1 fusion-flex-container nonhundred-percent-fullwidth non-hundred-percent-height-scrolling\" style=\"--awb-border-radius-top-left:0px;--awb-border-radius-top-right:0px;--awb-border-radius-bottom-right:0px;--awb-border-radius-bottom-left:0px;--awb-flex-wrap:wrap;\" ><div class=\"fusion-builder-row fusion-row fusion-flex-align-items-flex-start fusion-flex-content-wrap\" style=\"max-width:1352px;margin-left: calc(-4% \/ 2 );margin-right: calc(-4% \/ 2 );\"><div class=\"fusion-layout-column fusion_builder_column fusion-builder-column-0 fusion_builder_column_1_1 1_1 fusion-flex-column\" style=\"--awb-bg-size:cover;--awb-width-large:100%;--awb-margin-top-large:0px;--awb-spacing-right-large:1.92%;--awb-margin-bottom-large:0px;--awb-spacing-left-large:1.92%;--awb-width-medium:100%;--awb-spacing-right-medium:1.92%;--awb-spacing-left-medium:1.92%;--awb-width-small:100%;--awb-spacing-right-small:1.92%;--awb-spacing-left-small:1.92%;\"><div class=\"fusion-column-wrapper fusion-flex-justify-content-flex-start fusion-content-layout-column\"><div class=\"fusion-text fusion-text-1\"><h2 class=\"fusion-responsive-typography-calculated\" data-fontsize=\"36\" data-lineheight=\"43.2px\" style=\"--fontSize: 36; line-height: 1.2;\"><strong data-fusion-font=\"true\">Regulamin sklepu internetowego pokojenawynajem.lezajsk.pl<\/strong><\/h2>\n<h3 data-fontsize=\"32\" style=\"--fontSize: 32; line-height: 1.2;\" data-lineheight=\"38.4px\" class=\"fusion-responsive-typography-calculated\"><strong data-fusion-font=\"true\">\u00a71 <\/strong><strong data-fusion-font=\"true\">Postanowienia og\u00f3lne<\/strong><\/h3>\n<ol>\n<li>Sklep internetowy [dalej \u201eSklep\u201d] prowadzi sprzeda\u017c detaliczn\u0105 pod adresem www.pokojenawynajem.lezajsk.pl przez W\u0142a\u015bciciela Sklepu, za po\u015brednictwem kt\u00f3rego Klient mo\u017ce dokonywa\u0107 zakup\u00f3w okre\u015blonych Towar\u00f3w i Us\u0142ug na podstawie niniejszego Regulaminu [dalej \u201eRegulamin\u201d].<\/li>\n<li>W\u0142a\u015bcicielem Sklepu jest: POKOJE NA WYNAJEM Anna Kania ul. Henryka Sienkiewicza 1B, 37-300 Le\u017cajsk NIP: 8161411089 REGON: 369500395<\/li>\n<li>Ilekro\u0107 w dokumencie pojawia si\u0119 poj\u0119cie <strong>Regulamin<\/strong> \u2013 oznacza ono niniejszy regulamin wraz ze wszystkimi za\u0142\u0105cznikami stanowi\u0105cymi jego integraln\u0105 cz\u0119\u015b\u0107, w tym w szczeg\u00f3lno\u015bci \u201ePolityk\u0105 Prywatno\u015bci\u201d. Regulamin jest integraln\u0105 cz\u0119\u015bci\u0105 umowy sprzeda\u017cy zawieranej z klientem.<\/li>\n<li>Ilekro\u0107 w dokumencie pojawia si\u0119 poj\u0119cie <strong>Informacja Handlowa<\/strong> \u2013 oznacza ono informacj\u0119 handlow\u0105 w rozumieniu art. 2 pkt 2) Ustawy o \u015bwiadczeniu us\u0142ug drog\u0105 elektroniczn\u0105, w szczeg\u00f3lno\u015bci za\u015b reklamy, oferty handlowe oraz informacje o aktualno\u015bciach, promocjach i innych wydarzeniach dotycz\u0105cych Sklepu.<\/li>\n<li>Ilekro\u0107 w dokumencie pojawia si\u0119 poj\u0119cie <strong>Klient <\/strong>\u2013 oznacza ono osob\u0119 fizyczn\u0105, osob\u0119 prawn\u0105 lub jednostk\u0119 organizacyjn\u0105 nieb\u0119d\u0105c\u0105 osob\u0105 prawn\u0105, kt\u00f3rej przepisy szczeg\u00f3lne przyznaj\u0105 zdolno\u015b\u0107 prawn\u0105, sk\u0142adaj\u0105c\u0105 Zam\u00f3wienie w ramach Sklepu. \u2013 Kodeks Cywilny \u2013 ustawa z dnia 23 kwietnia 1964 roku (Dz.U. Nr 16, poz. 93 ze zm.).<\/li>\n<li>Ilekro\u0107 w dokumencie pojawia si\u0119 poj\u0119cie <strong>Towar<\/strong> \u2013 oznacza ono produkty prezentowane w ramach Sklepu, przeznaczone do sprzeda\u017cy.<\/li>\n<li>Ilekro\u0107 w dokumencie pojawia si\u0119 poj\u0119cie <strong>Zam\u00f3wienie<\/strong> \u2013 oznacza ono czynno\u015b\u0107 podejmowan\u0105 przez Klienta, polegaj\u0105c\u0105 na wyborze w ramach Sklepu okre\u015blonych Towar\u00f3w lub Us\u0142ug, zmierzaj\u0105c\u0105 bezpo\u015brednio do zawarcia z W\u0142a\u015bcicielem Sklepu Umowy Sprzeda\u017cy tych Towar\u00f3w lub Us\u0142ug na warunkach wskazanych w niniejszym Regulaminie.<\/li>\n<li>Ilekro\u0107 w dokumencie pojawia si\u0119 poj\u0119cie <strong>Ustawa o prawach konsumenta<\/strong> \u2013 oznacza ono ustaw\u0119 z dnia 3 marca 2017 r. o prawach konsumenta (Dz.U. z 2017 poz. 683) z p\u00f3\u017an. zm.<\/li>\n<li>Ilekro\u0107 w dokumencie pojawia si\u0119 poj\u0119cie <strong>Ustawa o \u015bwiadczeniu us\u0142ug drog\u0105 elektroniczn\u0105<\/strong> \u2013 oznacza ono ustaw\u0119 z dnia 9 czerwca 2017 r. o \u015bwiadczeniu us\u0142ug drog\u0105 elektroniczn\u0105 (Dz.U. z 2017 poz. 1219) z p\u00f3\u017an. zm.<\/li>\n<li>Informacje o Towarach lub Us\u0142ugach podane na stronach internetowych Sklepu, w szczeg\u00f3lno\u015bci ich opisy, parametry techniczne oraz ceny, nie stanowi\u0105 oferty w rozumieniu Kodeksu Cywilnego, a s\u0105 jedynie zaproszeniem do zawarcia umowy w rozumieniu art. 71 Kodeksu Cywilnego.<\/li>\n<li>Zasady korzystania ze Sklepu Internetowego oraz warunki dokonywania w jego ramach zakup\u00f3w okre\u015bla niniejszy Regulamin.<\/li>\n<li>Niniejszy Regulamin okre\u015bla w szczeg\u00f3lno\u015bci:a) warunki i zasady sk\u0142adania Zam\u00f3wie\u0144 w ramach Sklepu,<br \/>\nb) zasady zawierania Um\u00f3w Sprzeda\u017cy, kt\u00f3rych przedmiotem s\u0105 okre\u015blone Towary lub Us\u0142ugi oraz<br \/>\nc) procedur\u0119 reklamacyjn\u0105 i procedur\u0119 odst\u0105pienia od Umowy Sprzeda\u017cy.<\/li>\n<li>Warunkiem korzystania ze Sklepu jest zapoznanie si\u0119 z tre\u015bci\u0105 Regulaminu i jego akceptacja przez klienta w toku sk\u0142adania zam\u00f3wienia poprzez zaznaczenie odpowiedniego pola w formularzu. Akceptuj\u0105c Regulamin Klient wyra\u017ca zgod\u0119 na jego wszystkie postanowienia i zobowi\u0105zuje si\u0119 do ich przestrzegania.<\/li>\n<li>Ceny podane w Sklepie s\u0105 cenami brutto (zawieraj\u0105 podatek VAT).<\/li>\n<li>Towary dost\u0119pne w Sklepie s\u0105 wolne od wad fizycznych i prawnych.<\/li>\n<\/ol>\n<h3 data-fontsize=\"32\" style=\"--fontSize: 32; line-height: 1.2;\" data-lineheight=\"38.4px\" class=\"fusion-responsive-typography-calculated\"><strong data-fusion-font=\"true\">\u00a72 <\/strong><strong data-fusion-font=\"true\">Zam\u00f3wienia<\/strong><\/h3>\n<ol>\n<li>Zam\u00f3wienia mo\u017cna sk\u0142ada\u0107 w nast\u0119puj\u0105cy spos\u00f3b:a)poprzez formularz dost\u0119pny na stronie internetowej Sklepu,<br \/>\nb)emailem na adres dost\u0119pny na stronie internetowej Sklepu,<br \/>\nc)telefonicznie na numery przeznaczone do sk\u0142adania zam\u00f3wie\u0144, dost\u0119pne na stronie internetowej Sklepu w zak\u0142adce Kontakt.<\/li>\n<\/ol>\n<ol start=\"2\">\n<li>Wyb\u00f3r przez Klienta zamawianych Towar\u00f3w lub Us\u0142ug (w tym ich rodzaju oraz liczby) dokonywany jest poprzez dodanie poszczeg\u00f3lnych Towar\u00f3w lub Us\u0142ug do koszyka.<\/li>\n<li>Warunkiem realizacji zam\u00f3wienia jest podanie przez klienta nast\u0119puj\u0105cych danych pozwalaj\u0105cych na weryfikacj\u0119 klienta i odbiorcy towaru:a) imienia i nazwiska (a w przypadku Klienta b\u0119d\u0105cego przedsi\u0119biorc\u0105 \u2013 nazwy firmy, nr NIP oraz imienia i nazwiska osoby sk\u0142adaj\u0105cej w jego imieniu Zam\u00f3wienie),<br \/>\nb) adresu dostawy (tj. ulicy, nr domu, nr lokalu, miejscowo\u015bci, kodu pocztowego, kraju),<br \/>\nc) numeru telefonu,<br \/>\nd) adresu e-mail, a tak\u017ce akceptacja Regulaminu poprzez zaznaczenia okienka oznaczonego, jako \u201eAkceptuj\u0119 regulamin\u201d, a nast\u0119pnie wys\u0142anie Zam\u00f3wienia poprzez klikni\u0119cie przycisku \u201ePotwierdzam Zam\u00f3wienie\u201d.<\/li>\n<\/ol>\n<ol start=\"4\">\n<li>W procesie sk\u0142adania Zam\u00f3wienia Klient obowi\u0105zany jest tak\u017ce dokona\u0107 wyboru co do formy p\u0142atno\u015bci za zam\u00f3wione Towary lub Us\u0142ugi.<\/li>\n<li>W trakcie sk\u0142adania Zam\u00f3wienia \u2013 do momentu klikni\u0119cia w przycisk \u201ePotwierdzam Zam\u00f3wienie\u201d \u2013 Klient ma mo\u017cliwo\u015b\u0107 modyfikacji podanych przez siebie danych osobowych oraz danych w zakresie wybranych przez siebie Towar\u00f3w lub Us\u0142ug, zar\u00f3wno co do ich rodzaju i liczby (ilo\u015bci), jak r\u00f3wnie\u017c co do formy p\u0142atno\u015bci oraz miejsca i sposobu ich dostawy.<\/li>\n<li>Klient dokonuj\u0105c klikni\u0119cia w przycisk \u201ePotwierdzam Zam\u00f3wienie\u201d, ma \u015bwiadomo\u015b\u0107 i\u017c zawarcie umowy zwi\u0105zane jest z obowi\u0105zkiem uiszczenia nale\u017cnej W\u0142a\u015bcicielowi Sklepu zap\u0142aty.<\/li>\n<li>Po podaniu przez Klienta wszystkich niezb\u0119dnych danych do z\u0142o\u017cenia Zam\u00f3wienia, wy\u015bwietlone zostanie podsumowanie Zam\u00f3wienia.<\/li>\n<li>Podsumowanie Zam\u00f3wienia zawiera w szczeg\u00f3lno\u015bci nast\u0119puj\u0105ce informacje:a) przedmiot Umowy Sprzeda\u017cy,<br \/>\nb) jednostkow\u0105 i \u0142\u0105czn\u0105 cen\u0119 za zam\u00f3wione Towary lub Us\u0142ugi,<br \/>\nc) koszt dostawy,<br \/>\nd) wybran\u0105 metod\u0119 p\u0142atno\u015bci,<br \/>\ne) oczekiwany czas dostawy.<\/li>\n<li>Wys\u0142anie przez Klienta Zam\u00f3wienia stanowi o\u015bwiadczenie woli Klienta zawarcia z W\u0142a\u015bcicielem Sklepu Umowy Sprzeda\u017cy, zgodnie z tre\u015bci\u0105 niniejszego Regulaminu.<\/li>\n<li>Po z\u0142o\u017ceniu Zam\u00f3wienia do Klienta zostanie wys\u0142ana wiadomo\u015b\u0107 e-mail zawieraj\u0105ca ostateczne potwierdzenie wszystkich istotnych element\u00f3w Zam\u00f3wienia.<\/li>\n<li>Umow\u0119 Sprzeda\u017cy traktuje si\u0119 jako zawart\u0105 z chwil\u0105 otrzymania przez Klienta wiadomo\u015bci, o kt\u00f3rej mowa w ust. powy\u017cej. Umowa Sprzeda\u017cy zostaje zawarta w j\u0119zyku polskim w tre\u015bci zgodnej z Regulaminem.<\/li>\n<li>Jednocze\u015bnie ze z\u0142o\u017ceniem Zam\u00f3wienia na okre\u015blone Towary lub Us\u0142ugi, Klient mo\u017ce dokona\u0107 rejestracji w Sklepie, w wyniku kt\u00f3rej zostanie utworzone dla danego Klienta indywidualne konto, dost\u0119pne za pomoc\u0105 loginu (adres e-mail Klienta) oraz ustalonego przez niego has\u0142a (zwane dalej \u201e<strong>Kontem<\/strong>\u201d). Rejestracja w Sklepie nie jest warunkiem koniecznym do dokonania w nim zakup\u00f3w.<\/li>\n<li>Za\u0142o\u017cenie Konta mo\u017cliwe jest poprzez wype\u0142nienie przez Klienta wszystkich p\u00f3l formularza rejestracyjnego zamieszczonego na stronie Sklepu, oznaczonych jako wymagane.<\/li>\n<li>Warunkiem koniecznym dla za\u0142o\u017cenia Konta jest akceptacja przez Klienta niniejszego Regulaminu poprzez zaznaczenie okienka oznaczonego jako \u201eAkceptuj\u0119 regulamin\u201d, umieszczonego pod formularzem rejestracyjnym, o kt\u00f3rym mowa w ust. powy\u017cej.<\/li>\n<li>Klient, przy akceptacji Regulaminu mo\u017ce wyrazi\u0107 dodatkow\u0105 zgod\u0119 na przetwarzanie jego danych osobowych przez W\u0142a\u015bciciela Sklepu w celach marketingowych w szczeg\u00f3lno\u015bci na otrzymywanie informacji handlowych i ofert, otrzymywania artyku\u0142\u00f3w i innych bezp\u0142atnych materia\u0142\u00f3w szkoleniowych, kod\u00f3w rabatowych na wybrane produkty w sklepie online, oferty specjalne dla wybranych klient\u00f3w i inne informacje handlowe. Taka zgoda mo\u017ce te\u017c by\u0107 wyra\u017cona w zamian za uzyskanie bezp\u0142atnego produktu lub \u015bwiadczenia. Zgod\u0119 wyra\u017ca si\u0119 poprzez zaznaczenie okienka oznaczonego jako \u201eZgoda na przetwarzanie danych osobowych w celach marketingowych\u201d. Klient mo\u017ce w ka\u017cdej chwili wycofa\u0107 tak\u0105 zgod\u0119. Wycofanie zgody pozostaje bez wp\u0142ywu na zgodno\u015b\u0107 z prawem przetwarzania, kt\u00f3rego dokonano na podstawie zgody przed jej cofni\u0119ciem.<\/li>\n<li>Klient, kt\u00f3ry dokona\u0142 rejestracji w Sklepie, przy kolejnych zakupach mo\u017ce pos\u0142ugiwa\u0107 si\u0119 swoim Kontem. W ramach Konta, Klient mo\u017ce w szczeg\u00f3lno\u015bci \u015bledzi\u0107 status bie\u017c\u0105cych Zam\u00f3wie\u0144, sprawdza\u0107 szczeg\u00f3\u0142y Zam\u00f3wie\u0144 historycznych, zarz\u0105dza\u0107 ustawieniami <em>newslettera<\/em>, a tak\u017ce zarz\u0105dza\u0107 danymi swojego Konta, m. in. adresami dostaw oraz zmienia\u0107 swoje has\u0142o.<\/li>\n<li>Klient zobowi\u0105zany jest nie udost\u0119pnia\u0107 swojego has\u0142a do Konta osobom trzecim.<\/li>\n<li>W\u0142a\u015bciciel Sklepu mo\u017ce usun\u0105\u0107 konto Klienta lub pozbawi\u0107 go prawa do sk\u0142adania Zam\u00f3wie\u0144, ze skutkiem natychmiastowy, w przypadku istotnego naruszenia przez Klienta niniejszego Regulaminu, w szczeg\u00f3lno\u015bci w przypadku gdy Klient podczas rejestracji w Sklepie internetowym lub sk\u0142adania Zam\u00f3wienia poda\u0142 dane niezgodne z prawd\u0105, niedok\u0142adne lub naruszaj\u0105ce prawa os\u00f3b trzecich, korzysta ze Sklepu internetowego w spos\u00f3b niezgodny z przepisami obowi\u0105zuj\u0105cego na terytorium Rzeczypospolitej Polskiej prawa, postanowieniami Regulaminu, a tak\u017ce z og\u00f3lnymi zasadami korzystania z Sieci, korzysta ze Sklepu internetowego w spos\u00f3b uci\u0105\u017cliwy dla innych Klient\u00f3w oraz dla W\u0142a\u015bciciela Sklepu, udost\u0119pniania Towary lub Us\u0142ugi osobom trzecim.<\/li>\n<li>Dostawa Zam\u00f3wienia odbywa si\u0119 po zawarciu Umowy i zaksi\u0119gowaniu wp\u0142aty na konto W\u0142a\u015bciciela Sklepu. Koszt dostawy ponosi Klient w ca\u0142o\u015bci.<\/li>\n<li>Dla stron wi\u0105\u017c\u0105ce s\u0105 informacje zawarte na stronie internetowej Sklepu przy kupowanym towarze w momencie z\u0142o\u017cenia zam\u00f3wienia, w szczeg\u00f3lno\u015bci: cena, charakterystyka towaru, jego cechy, elementy wchodz\u0105ce w sk\u0142ad zestawu, termin i spos\u00f3b dostawy.<\/li>\n<li>Informacje znajduj\u0105ce si\u0119 na stronie internetowej Sklepu nie stanowi\u0105 oferty w rozumieniu Kodeksu Cywilnego. Klient sk\u0142adaj\u0105c zam\u00f3wienie sk\u0142ada ofert\u0119 zakupu okre\u015blonego towaru. Do zawarcia umowy sprzeda\u017cy dochodzi z chwil\u0105 potwierdzenia przez Sprzedawc\u0119 przyj\u0119cia Zam\u00f3wienia do realizacji.<\/li>\n<li>W\u0142a\u015bciciel Sklepu zastrzega sobie prawo do zmiany cen Towar\u00f3w i Us\u0142ug prezentowanych na stronach internetowych Sklepu, wycofywania oraz wprowadzania nowych Towar\u00f3w lub Us\u0142ug, przeprowadzania i odwo\u0142ywania wszelkiego rodzaju akcji promocyjnych oraz wyprzeda\u017cy. Powy\u017csze uprawnienie nie ma wp\u0142ywu na Zam\u00f3wienia, kt\u00f3re zosta\u0142y z\u0142o\u017cone przed dat\u0105 wej\u015bcia w \u017cycie kt\u00f3rejkolwiek ze zmian, o kt\u00f3rych mowa powy\u017cej.<\/li>\n<li>W\u0142a\u015bciciel sklepu dok\u0142ada wszelkich stara\u0144, aby mo\u017cliwie wiernie prezentowa\u0107 oferowane produkty, ich sk\u0142ad i kolory. Spos\u00f3b wy\u015bwietlania koloru zale\u017cy od u\u017cywanego systemu operacyjnego i sprz\u0119tu. W\u0142a\u015bciciel sklepu nie mo\u017ce zagwarantowa\u0107, \u017ce komputer, monitor lub urz\u0105dzenie mobilne u\u017cytkownika sklepu, wiernie odwzorowuje kolory.<\/li>\n<li>Wymiary produktu podane na stronie produktu s\u0105 jedynie orientacyjne i maj\u0105 u\u0142atwi\u0107 wyb\u00f3r modelu lub fasonu, ale nie s\u0105 rzeczywistymi wymiarami produktu. Wymiary rzeczywiste mog\u0105 si\u0119 r\u00f3\u017cni\u0107 zale\u017cnie od materia\u0142u, z kt\u00f3rego wykonano produkt.<\/li>\n<\/ol>\n<h3 data-fontsize=\"32\" style=\"--fontSize: 32; line-height: 1.2;\" data-lineheight=\"38.4px\" class=\"fusion-responsive-typography-calculated\"><strong data-fusion-font=\"true\">\u00a73 <\/strong><strong data-fusion-font=\"true\">P\u0142atno\u015bci<\/strong><\/h3>\n<ol>\n<li>Klient ma do wyboru formy p\u0142atno\u015bci okre\u015blone w zak\u0142adce Formy p\u0142atno\u015bci.<\/li>\n<li>Ceny przesy\u0142ek okre\u015blone s\u0105 w cenniku dostawy. Koszty dostawy podane s\u0105 do wiadomo\u015bci Klienta przed wys\u0142aniem przez niego Zam\u00f3wienia.<\/li>\n<li>Warunkiem wydania towaru jest zap\u0142ata za towar i przesy\u0142k\u0119.<\/li>\n<li>Do ka\u017cdego Zam\u00f3wienia wystawiany jest paragon lub faktura w wersji elektronicznej, wedle wyboru Klienta.<\/li>\n<\/ol>\n<h3 data-fontsize=\"32\" style=\"--fontSize: 32; line-height: 1.2;\" data-lineheight=\"38.4px\" class=\"fusion-responsive-typography-calculated\"><strong data-fusion-font=\"true\">\u00a74 <\/strong><strong data-fusion-font=\"true\">Wysy\u0142ka towaru<\/strong><\/h3>\n<ol>\n<li>Zam\u00f3wiony towar Sklep wysy\u0142a za po\u015brednictwem firm wysy\u0142kowych (m.in Inpost, DPD) lub udost\u0119pnia do odbioru przez klienta w siedzibie firmy.<\/li>\n<li>W przypadku p\u0142atno\u015bci za pomoc\u0105 karty p\u0142atniczej, termin realizacji zam\u00f3wienia jest liczony od chwili pozytywnej autoryzacji transakcji.<\/li>\n<li>W przypadku p\u0142atno\u015bci w inny spos\u00f3b ni\u017c za pobraniem, termin wysy\u0142ki wyd\u0142u\u017ca si\u0119 o okres pomi\u0119dzy z\u0142o\u017ceniem zam\u00f3wienia, a dat\u0105 zaksi\u0119gowania nale\u017cno\u015bci na rachunku bankowym Sklepu.<\/li>\n<\/ol>\n<h3 data-fontsize=\"32\" style=\"--fontSize: 32; line-height: 1.2;\" data-lineheight=\"38.4px\" class=\"fusion-responsive-typography-calculated\"><strong data-fusion-font=\"true\">\u00a75 <\/strong><strong data-fusion-font=\"true\">Reklamacje<\/strong><\/h3>\n<ol>\n<li>W\u0142a\u015bciciel Sklepu podejmuje dzia\u0142ania w celu zapewnienia w pe\u0142ni poprawnego dzia\u0142ania serwisu Sklepu Internetowego i zobowi\u0105zuje si\u0119 do usuwania na bie\u017c\u0105co wszelkich nieprawid\u0142owo\u015bci w jego funkcjonowaniu, zg\u0142aszanych przez Klient\u00f3w.<\/li>\n<li>W przypadku niezgodno\u015bci towaru z umow\u0105 Klient powinien odes\u0142a\u0107 do Sklepu, na koszt Sklepu, reklamowany towar wraz z opisem niezgodno\u015bci.<\/li>\n<li>Sklep ustosunkowuje si\u0119 do reklamacji klienta w terminie 14 dni od momentu otrzymania reklamacji.<\/li>\n<li>Gdy realizacja uzasadnionej reklamacji wi\u0105\u017ce si\u0119 z wys\u0142aniem Klientowi nowego towaru b\u0105d\u017a usuni\u0119cia niezgodno\u015bci, koszty dostaw ponosi Sklep.<\/li>\n<li>Sprzedawca zastrzega, \u017ce r\u00f3\u017cnice dotycz\u0105ce zdj\u0119\u0107 Towar\u00f3w, a wynikaj\u0105ce z indywidualnych ustawie\u0144 komputera danego klienta (kolor, proporcje itd.) nie mog\u0105 by\u0107 podstaw\u0105 do reklamacji towaru.<\/li>\n<\/ol>\n<h3 data-fontsize=\"32\" style=\"--fontSize: 32; line-height: 1.2;\" data-lineheight=\"38.4px\" class=\"fusion-responsive-typography-calculated\"><strong data-fusion-font=\"true\">\u00a76 <\/strong><strong data-fusion-font=\"true\">Prawo odst\u0105pienia od umowy<\/strong><\/h3>\n<ol>\n<li>Klient b\u0119d\u0105cy konsumentem mo\u017ce odst\u0105pi\u0107 od Umowy Sprzeda\u017cy bez podania przyczyny, w ci\u0105gu 14 (czternastu) dni od dnia odebrania Towaru, poprzez wys\u0142anie formularza zwrotu drog\u0105 pocztow\u0105 na adres siedziby W\u0142a\u015bciciela Sklepu, tj.: ul. KEN 8\/50, 37-310 Nowa Sarzyna lub w formie elektronicznej za pomoc\u0105 adresu e-mail: annakania485@gmail.com. <\/li>\n<li>W razie skutecznego odst\u0105pienia od umowy sprzeda\u017cy, umowa jest uwa\u017cana za niezawart\u0105, a strony zobowi\u0105zane s\u0105 zwr\u00f3ci\u0107 to co sobie na jej podstawie wzajemnie \u015bwiadczy\u0142y. Towar ulega zwrotowi w stanie niezmienionym, chyba \u017ce zmiana by\u0142a konieczna w granicach zwyk\u0142ego zarz\u0105du. Oznacza to, \u017ce produkt nie mo\u017ce by\u0107 uszkodzony, zabrudzony, uprany, zmodyfikowany ani noszony (poza przymierzeniem). Ponadto produkt powinien posiada\u0107 wszystkie oryginalne metki i etykiety. Zwrot powinien nast\u0105pi\u0107 niezw\u0142ocznie, nie p\u00f3\u017aniej ni\u017c w terminie 14 (czternastu) dni od dnia odst\u0105pienia Klienta b\u0119d\u0105cego konsumentem w rozumieniu art. 221 Kodeksu Cywilnego od Umowy Sprzeda\u017cy. Zwracany Towar nale\u017cy przes\u0142a\u0107 na adres: <strong>POKOJE NA WYNAJEM Anna Kania ul. Henryka Sienkiewicza 1B, 37-300 Le\u017cajsk<br \/>\n<\/strong>Zwracany Towar powinien zosta\u0107 opakowany w spos\u00f3b zapewniaj\u0105cy brak uszkodze\u0144 przesy\u0142ki w transporcie.<\/li>\n<li>W\u0142a\u015bciciel Sklepu dokona zwrotu warto\u015bci Zam\u00f3wienia wraz z kosztami dostawy niezw\u0142ocznie, nie p\u00f3\u017aniej jednak ni\u017c w terminie 14 (czternastu) dni od dnia odst\u0105pienia przez Klienta b\u0119d\u0105cego konsumentem w rozumieniu art. 221 Kodeksu Cywilnego od Umowy Sprzeda\u017cy.<\/li>\n<li>W\u0142a\u015bciciel Sklepu ma prawo wstrzyma\u0107 si\u0119 ze zwrotem warto\u015bci Zam\u00f3wienia wraz z kosztami dostawy do czasu zwrotnego otrzymania Towaru lub do czasu dostarczenia dowodu jego odes\u0142ania, w zale\u017cno\u015bci kt\u00f3re z zdarze\u0144 nast\u0105pi najpierw.<\/li>\n<li>Koszt odes\u0142ania Towaru do W\u0142a\u015bciciela Sklepu oraz jego opakowania pokrywa Klient.<\/li>\n<li>Prawo odst\u0105pienia nie przys\u0142uguje klientowi w przypadkach okre\u015blonych w ustawie, o kt\u00f3rych mowa w ust. 1 i 2 powy\u017cej, a wi\u0119c w przypadkach:a)po przekroczeniu terminu 14 dni od dnia odebrania Towaru,<br \/>\nb)po usuni\u0119ciu przez Konsumenta ich oryginalnego opakowania,<br \/>\nc)produkt zosta\u0142 uszkodzony, zabrudzony, uprany, zmodyfikowany lub noszony (poza przymierzeniem). Ponadto produkt nie posiada wszystkich oryginalnych metek i etykiet.<\/li>\n<\/ol>\n<ol start=\"7\">\n<li>W przypadku Towar\u00f3w mo\u017cliwa jest zamiana, wyra\u017cona wnioskiem Klienta, o ile W\u0142a\u015bciciel Sklepu posiada po\u017c\u0105dany przez Klienta Towar o okre\u015blonych w\u0142a\u015bciwo\u015bciach (w tym kolor, rozmiar). Towar odsy\u0142any nie mo\u017ce by\u0107 uszkodzony, zabrudzony, uprany, zmodyfikowany ani noszony (poza przymierzeniem). Ponadto produkt powinien posiada\u0107 wszystkie oryginalne metki i etykiety. Koszty zamiany pokrywa Klient.<\/li>\n<\/ol>\n<h3 data-fontsize=\"32\" style=\"--fontSize: 32; line-height: 1.2;\" data-lineheight=\"38.4px\" class=\"fusion-responsive-typography-calculated\"><strong data-fusion-font=\"true\">\u00a77 <\/strong><strong data-fusion-font=\"true\">Ochrona prywatno\u015bci<\/strong><\/h3>\n<ol>\n<li>W\u0142a\u015bciciel Sklepu jako administrator danych osobowych zobowi\u0105zuje si\u0119 podj\u0105\u0107 wszelkie konieczne \u015brodki techniczne i organizacyjne odpowiednie do stopnia zagro\u017cenia, w celu zapewnienia bezpiecze\u0144stwa wszystkich danych i tre\u015bci przekazywanych przez Klienta w zwi\u0105zku z korzystaniem przez niego ze Sklepu Internetowego.<\/li>\n<li>Dane osobowe przekazane W\u0142a\u015bcicielowi Sklepu podawane s\u0105 dobrowolnie, z tym jednak zastrze\u017ceniem, \u017ce niepodanie okre\u015blonych tych danych uniemo\u017cliwia z\u0142o\u017cenie i realizacj\u0119 zam\u00f3wienia klienta.<\/li>\n<li>Dane osobowe Klient\u00f3w zbierane przez administratora za po\u015brednictwem Sklepu internetowego zbierane s\u0105 w celu realizacji Umowy Sprzeda\u017cy, a je\u017celi Klient wyrazi na to zgod\u0119 \u2013 tak\u017ce w celu marketingowym.<\/li>\n<li>Dane osobowe Klient\u00f3w przetwarzane s\u0105 zgodnie z postanowieniami Rozporz\u0105dzenia Parlamentu Europejskiego i Rady (UE) 2016\/679 z dnia 27 kwietnia 2016 r., w sprawie ochrony os\u00f3b fizycznych w zwi\u0105zku z przetwarzaniem danych osobowych i w sprawie swobodnego przep\u0142ywu takich danych oraz uchylenia dyrektywy 95\/46\/WE (RODO) oraz Ustawy z dnia 10 maja 2018 r. o ochronie danych osobowych (Dz.U. z 2018 r. poz. 1000) [zwanej dalej: \u201eUstaw\u0105\u201d]. Klient, kt\u00f3ry dokona\u0142 rejestracji w ramach Sklepu ma prawo wgl\u0105du do swoich danych, do ich korekty oraz \u017c\u0105dania zaprzestania ich wykorzystywania. Dane mo\u017cna przegl\u0105da\u0107 oraz zmienia\u0107 po zalogowaniu do Sklepu, w ramach indywidualnego konta danego Klienta lub poprzez kontakt z W\u0142a\u015bcicielem Sklepu pod adresem e-mail: annakania485@gmail.com <\/li>\n<li>Szczeg\u00f3\u0142owe zasady dotycz\u0105ce przetwarzania danych osobowych Klient\u00f3w zawiera Polityka prywatno\u015bci znajduj\u0105ca si\u0119 na stronie sklepu.<\/li>\n<\/ol>\n<h3 data-fontsize=\"32\" style=\"--fontSize: 32; line-height: 1.2;\" data-lineheight=\"38.4px\" class=\"fusion-responsive-typography-calculated\"><strong data-fusion-font=\"true\">\u00a78 <\/strong><strong data-fusion-font=\"true\">W\u0142asno\u015b\u0107 intelektualna<\/strong><\/h3>\n<ol>\n<li>Zabrania si\u0119 wykorzystywania jakichkolwiek materia\u0142\u00f3w publikowanych na stronie internetowej Sklepu (w tym zdj\u0119\u0107 i opis\u00f3w towar\u00f3w) bez pisemnej zgody Sklepu.<\/li>\n<\/ol>\n<h3 data-fontsize=\"32\" style=\"--fontSize: 32; line-height: 1.2;\" data-lineheight=\"38.4px\" class=\"fusion-responsive-typography-calculated\"><strong data-fusion-font=\"true\">\u00a79 <\/strong><strong data-fusion-font=\"true\">Postanowienia ko\u0144cowe<\/strong><\/h3>\n<ol>\n<li>Rozstrzyganie ewentualnych spor\u00f3w pomi\u0119dzy W\u0142a\u015bcicielem Sklepu a Klientem, kt\u00f3ry jest konsumentem w rozumieniu art. 221 Kodeksu Cywilnego, zostaje poddane s\u0105dom powszechnym w\u0142a\u015bciwym zgodnie z w\u0142a\u015bciwymi przepisami Kodeksu post\u0119powania cywilnego.<\/li>\n<li>W sprawach nieuregulowanych w niniejszym Regulaminie zastosowanie maj\u0105 w\u0142a\u015bciwe przepisy prawa polskiego.<\/li>\n<li>Niniejszy Regulamin wchodzi w \u017cycie z dniem publikacji na stronie internetowej Sklepu.<\/li>\n<li>Zmiany Regulaminu zostan\u0105 opublikowane na stronie Sklepu na 14 dni przed wej\u015bciem w \u017cycie nowego Regulaminu.<\/li>\n<li>Wszystkie zam\u00f3wienia przyj\u0119te przez W\u0142a\u015bciciela Sklepu do realizacji przed dniem zmiany Regulaminu s\u0105 realizowane na podstawie regulaminu, kt\u00f3ry obowi\u0105zywa\u0142 w dniu sk\u0142adania zam\u00f3wienia przez klienta.<\/li>\n<li>W razie, gdy klient nie akceptuje nowej tre\u015bci Regulaminu obowi\u0105zany jest zawiadomi\u0107 o tym fakcie W\u0142a\u015bciciela Sklepu w ci\u0105gu 14 dni od daty poinformowania o zmianie Regulaminu.<\/li>\n<\/ol>\n<\/div><\/div><\/div><\/div><\/div>\n","protected":false},"excerpt":{"rendered":"","protected":false},"author":1,"featured_media":0,"parent":0,"menu_order":0,"comment_status":"closed","ping_status":"closed","template":"100-width.php","meta":{"footnotes":""},"class_list":["post-187","page","type-page","status-publish","hentry"],"aioseo_notices":[],"_links":{"self":[{"href":"https:\/\/pokojenawynajem.lezajsk.pl\/en\/wp-json\/wp\/v2\/pages\/187","targetHints":{"allow":["GET"]}}],"collection":[{"href":"https:\/\/pokojenawynajem.lezajsk.pl\/en\/wp-json\/wp\/v2\/pages"}],"about":[{"href":"https:\/\/pokojenawynajem.lezajsk.pl\/en\/wp-json\/wp\/v2\/types\/page"}],"author":[{"embeddable":true,"href":"https:\/\/pokojenawynajem.lezajsk.pl\/en\/wp-json\/wp\/v2\/users\/1"}],"replies":[{"embeddable":true,"href":"https:\/\/pokojenawynajem.lezajsk.pl\/en\/wp-json\/wp\/v2\/comments?post=187"}],"version-history":[{"count":0,"href":"https:\/\/pokojenawynajem.lezajsk.pl\/en\/wp-json\/wp\/v2\/pages\/187\/revisions"}],"wp:attachment":[{"href":"https:\/\/pokojenawynajem.lezajsk.pl\/en\/wp-json\/wp\/v2\/media?parent=187"}],"curies":[{"name":"wp","href":"https:\/\/api.w.org\/{rel}","templated":true}]}}